{"id":1033,"date":"2022-07-06T23:18:07","date_gmt":"2022-07-06T21:18:07","guid":{"rendered":"https:\/\/www.itasu.es\/our-team\/"},"modified":"2023-02-15T10:02:02","modified_gmt":"2023-02-15T09:02:02","slug":"our-team","status":"publish","type":"page","link":"https:\/\/www.itasu.es\/en\/our-team\/","title":{"rendered":"Our team"},"content":{"rendered":"<section class=\"l-section wpb_row us_custom_0385d814 height_auto full_height valign_bottom\"><div class=\"l-section-overlay\" style=\"background:linear-gradient(70deg,rgba(2,27,77,0.55),rgba(4,45,126,0))\"><\/div><div class=\"l-section-h i-cf\"><div class=\"g-cols vc_row via_flex valign_top type_default stacking_default\"><div class=\"vc_col-sm-12 wpb_column vc_column_container\"><div class=\"vc_column-inner\"><div class=\"wpb_wrapper\"><div class=\"g-cols wpb_row us_custom_9c61a7be via_flex valign_bottom type_default stacking_default\"><div class=\"vc_col-sm-12 wpb_column vc_column_container\"><div class=\"vc_column-inner us_custom_d40965f8\"><div class=\"wpb_wrapper\"><div class=\"wpb_text_column us_custom_381c562c has_text_color\"><div class=\"wpb_wrapper\"><h1>Our team<\/h1>\n<\/div><\/div><div class=\"wpb_text_column us_custom_fa2024fc has_text_color\"><div class=\"wpb_wrapper\"><p class=\"p1\" style=\"text-align: left;\">We have a team of financial advisors, business consultants, auditors, insolvency administrators and experts with extensive experience in various areas and sectors, from major international firms such as Oliver Wyman, Monitor, BCG or Kearney, as well as the Big 4.<\/p>\n<\/div><\/div><\/div><\/div><\/div><\/div><\/div><\/div><\/div><\/div><\/div><\/section><section class=\"l-section wpb_row us_custom_cd9b276e height_auto\"><div class=\"l-section-h i-cf\"><div class=\"g-cols vc_row via_flex valign_top type_default stacking_default\"><div class=\"vc_col-sm-12 wpb_column vc_column_container\"><div class=\"vc_column-inner\"><div class=\"wpb_wrapper\"><div class=\"g-cols wpb_row us_custom_207db003 via_flex valign_top type_default stacking_default\"><div class=\"vc_col-sm-12 wpb_column vc_column_container\"><div class=\"vc_column-inner\"><div class=\"wpb_wrapper\"><div class=\"wpb_text_column us_custom_4c77c721\"><div class=\"wpb_wrapper\"><h3>Senior team:<\/h3>\n<\/div><\/div><\/div><\/div><\/div><\/div><\/div><\/div><\/div><\/div><\/div><\/section><section class=\"l-section wpb_row us_custom_2019f25d height_auto\"><div class=\"l-section-h i-cf\"><div class=\"g-cols vc_row via_flex valign_top type_default stacking_default\"><div class=\"vc_col-sm-12 wpb_column vc_column_container\"><div class=\"vc_column-inner\"><div class=\"wpb_wrapper\"><div class=\"g-cols wpb_row us_custom_ff13c409 us_animate_this via_flex valign_top type_default stacking_default\"><div class=\"vc_col-sm-12 wpb_column vc_column_container\"><div class=\"vc_column-inner us_custom_28866121\"><div class=\"wpb_wrapper\"><div class=\"w-grid type_grid layout_536 cols_3 popup_page ratio_custom\" id=\"us_grid_1\" data-filterable=\"true\"><style>#us_grid_1 .w-grid-item{padding:0.2rem}#us_grid_1 .w-grid-list{margin:-0.2rem}.w-grid + #us_grid_1 .w-grid-list,.w-grid-none + #us_grid_1 .w-grid-list{margin-top:0.2rem}@media (max-width:899px){#us_grid_1 .w-grid-item{width:50%}#us_grid_1 .w-grid-item.size_2x1,#us_grid_1 .w-grid-item.size_2x2{width:100%}}@media (max-width:599px){#us_grid_1 .w-grid-list{margin:0}#us_grid_1 .w-grid-item{width:100%;padding:0;margin-bottom:0.2rem}}.layout_536 .w-grid-item-h:before{padding-bottom:50%}@media (min-width:600px){.layout_536 .w-grid-item.size_1x2 .w-grid-item-h:before{padding-bottom:calc(100% + 0.2rem + 0.2rem)}.layout_536 .w-grid-item.size_2x1 .w-grid-item-h:before{padding-bottom:calc(25% - 0.2rem * 0.5)}.layout_536 .w-grid-item.size_2x2 .w-grid-item-h:before{padding-bottom:calc(50% - 0.2rem * -1)}}.layout_536 .w-grid-item-h{background:var(--color-header-middle-bg);color:var(--color-content-heading);box-shadow:0 0.01rem 0.02rem rgba(0,0,0,0.1),0 0.03rem 0.1rem rgba(0,0,0,0.1);transition-duration:0.3s}.no-touch .layout_536 .w-grid-item-h:hover{box-shadow:0 0.3rem 0.6rem rgba(0,0,0,0.1),0 1rem 3rem rgba(0,0,0,0.15);z-index:4}.layout_536 .usg_post_image_1{width:180px!important;margin-bottom:2rem!important}.layout_536 .usg_post_custom_field_1{color:var(--color-content-text)!important;font-size:14px!important;font-family:var(--font-body)!important;font-style:italic!important;margin-top:1.2rem!important}.layout_536 .usg_vwrapper_1{padding:10% 5% 10% 5%!important}.layout_536 .usg_post_title_1{text-align:center!important;font-size:1rem!important;margin-bottom:1rem!important}<\/style><div class=\"w-grid-list\">\t<article class=\"w-grid-item size_1x1 post-1044 equipo type-equipo status-publish has-post-thumbnail hentry\" data-id=\"1044\">\r\n\t\t<div class=\"w-grid-item-h\">\r\n\t\t\t\t\t\t\t<a class=\"w-grid-item-anchor\" href=\"https:\/\/www.itasu.es\/en\/equipo\/ignacio-lopez-bravo\/\" rel=\"bookmark\" aria-label=\"Ignacio L\u00f3pez-Bravo\"><\/a>\r\n\t\t\t\t\t\t<div class=\"w-vwrapper usg_vwrapper_1 align_center valign_top\" style=\"--vwrapper-gap:0rem\"><div class=\"w-post-elm post_image usg_post_image_1 as_circle has_width\"><img width=\"695\" height=\"695\" src=\"https:\/\/www.itasu.es\/wp-content\/uploads\/2022\/07\/ignacio-lopez-bravo-2.jpg\" class=\"attachment-full size-full wp-post-image\" alt=\"\" decoding=\"async\" loading=\"lazy\" srcset=\"https:\/\/www.itasu.es\/wp-content\/uploads\/2022\/07\/ignacio-lopez-bravo-2.jpg 695w, https:\/\/www.itasu.es\/wp-content\/uploads\/2022\/07\/ignacio-lopez-bravo-2-300x300.jpg 300w\" sizes=\"(max-width: 695px) 100vw, 695px\" \/><\/div><h2 class=\"w-post-elm post_title usg_post_title_1 entry-title color_link_inherit\"><a href=\"https:\/\/www.itasu.es\/en\/equipo\/ignacio-lopez-bravo\/\">Ignacio L\u00f3pez-Bravo<\/a><\/h2><div class=\"w-html usg_html_1\"><hr width=\"80px\"<\/div><div class=\"w-post-elm post_custom_field usg_post_custom_field_1 has_text_color type_text cargo\"><span class=\"w-post-elm-value\">Partner director<\/span><\/div><\/div>\t\t<\/div>\r\n\t<\/article>\r\n\t<article class=\"w-grid-item size_1x1 post-1043 equipo type-equipo status-publish has-post-thumbnail hentry\" data-id=\"1043\">\r\n\t\t<div class=\"w-grid-item-h\">\r\n\t\t\t\t\t\t\t<a class=\"w-grid-item-anchor\" href=\"https:\/\/www.itasu.es\/en\/equipo\/gonzalo-hurtado\/\" rel=\"bookmark\" aria-label=\"Gonzalo Hurtado\"><\/a>\r\n\t\t\t\t\t\t<div class=\"w-vwrapper usg_vwrapper_1 align_center valign_top\" style=\"--vwrapper-gap:0rem\"><div class=\"w-post-elm post_image usg_post_image_1 as_circle has_width\"><img width=\"700\" height=\"700\" src=\"https:\/\/www.itasu.es\/wp-content\/uploads\/2022\/07\/gonzalo-hurtado.png\" class=\"attachment-full size-full wp-post-image\" alt=\"\" decoding=\"async\" loading=\"lazy\" srcset=\"https:\/\/www.itasu.es\/wp-content\/uploads\/2022\/07\/gonzalo-hurtado.png 700w, https:\/\/www.itasu.es\/wp-content\/uploads\/2022\/07\/gonzalo-hurtado-300x300.png 300w, https:\/\/www.itasu.es\/wp-content\/uploads\/2022\/07\/gonzalo-hurtado-150x150.png 150w\" sizes=\"(max-width: 700px) 100vw, 700px\" \/><\/div><h2 class=\"w-post-elm post_title usg_post_title_1 entry-title color_link_inherit\"><a href=\"https:\/\/www.itasu.es\/en\/equipo\/gonzalo-hurtado\/\">Gonzalo Hurtado<\/a><\/h2><div class=\"w-html usg_html_1\"><hr width=\"80px\"<\/div><div class=\"w-post-elm post_custom_field usg_post_custom_field_1 has_text_color type_text cargo\"><span class=\"w-post-elm-value\">Partner director<\/span><\/div><\/div>\t\t<\/div>\r\n\t<\/article>\r\n\t<article class=\"w-grid-item size_1x1 post-1042 equipo type-equipo status-publish has-post-thumbnail hentry\" data-id=\"1042\">\r\n\t\t<div class=\"w-grid-item-h\">\r\n\t\t\t\t\t\t\t<a class=\"w-grid-item-anchor\" href=\"https:\/\/www.itasu.es\/en\/equipo\/inigo-aranzabal\/\" rel=\"bookmark\" aria-label=\"\u00cd\u00f1igo Aranz\u00e1bal\"><\/a>\r\n\t\t\t\t\t\t<div class=\"w-vwrapper usg_vwrapper_1 align_center valign_top\" style=\"--vwrapper-gap:0rem\"><div class=\"w-post-elm post_image usg_post_image_1 as_circle has_width\"><img width=\"826\" height=\"826\" src=\"https:\/\/www.itasu.es\/wp-content\/uploads\/2022\/10\/i-aranzabal-2.jpg\" class=\"attachment-full size-full wp-post-image\" alt=\"\" decoding=\"async\" loading=\"lazy\" srcset=\"https:\/\/www.itasu.es\/wp-content\/uploads\/2022\/10\/i-aranzabal-2.jpg 826w, https:\/\/www.itasu.es\/wp-content\/uploads\/2022\/10\/i-aranzabal-2-300x300.jpg 300w\" sizes=\"(max-width: 826px) 100vw, 826px\" \/><\/div><h2 class=\"w-post-elm post_title usg_post_title_1 entry-title color_link_inherit\"><a href=\"https:\/\/www.itasu.es\/en\/equipo\/inigo-aranzabal\/\">\u00cd\u00f1igo Aranz\u00e1bal<\/a><\/h2><div class=\"w-html usg_html_1\"><hr width=\"80px\"<\/div><div class=\"w-post-elm post_custom_field usg_post_custom_field_1 has_text_color type_text cargo\"><span class=\"w-post-elm-value\">Senior Advisor<\/span><\/div><\/div>\t\t<\/div>\r\n\t<\/article>\r\n\t<article class=\"w-grid-item size_1x1 post-1041 equipo type-equipo status-publish has-post-thumbnail hentry\" data-id=\"1041\">\r\n\t\t<div class=\"w-grid-item-h\">\r\n\t\t\t\t\t\t\t<a class=\"w-grid-item-anchor\" href=\"https:\/\/www.itasu.es\/en\/equipo\/inma-camilo\/\" rel=\"bookmark\" aria-label=\"Inma Camilo\"><\/a>\r\n\t\t\t\t\t\t<div class=\"w-vwrapper usg_vwrapper_1 align_center valign_top\" style=\"--vwrapper-gap:0rem\"><div class=\"w-post-elm post_image usg_post_image_1 as_circle has_width\"><img width=\"700\" height=\"702\" src=\"https:\/\/www.itasu.es\/wp-content\/uploads\/2022\/07\/inma-camilo.png\" class=\"attachment-full size-full wp-post-image\" alt=\"\" decoding=\"async\" loading=\"lazy\" srcset=\"https:\/\/www.itasu.es\/wp-content\/uploads\/2022\/07\/inma-camilo.png 700w, https:\/\/www.itasu.es\/wp-content\/uploads\/2022\/07\/inma-camilo-300x300.png 300w, https:\/\/www.itasu.es\/wp-content\/uploads\/2022\/07\/inma-camilo-150x150.png 150w\" sizes=\"(max-width: 700px) 100vw, 700px\" \/><\/div><h2 class=\"w-post-elm post_title usg_post_title_1 entry-title color_link_inherit\"><a href=\"https:\/\/www.itasu.es\/en\/equipo\/inma-camilo\/\">Inma Camilo<\/a><\/h2><div class=\"w-html usg_html_1\"><hr width=\"80px\"<\/div><div class=\"w-post-elm post_custom_field usg_post_custom_field_1 has_text_color type_text cargo\"><span class=\"w-post-elm-value\">Directora<\/span><\/div><\/div>\t\t<\/div>\r\n\t<\/article>\r\n\t<article class=\"w-grid-item size_1x1 post-1040 equipo type-equipo status-publish has-post-thumbnail hentry\" data-id=\"1040\">\r\n\t\t<div class=\"w-grid-item-h\">\r\n\t\t\t\t\t\t\t<a class=\"w-grid-item-anchor\" href=\"https:\/\/www.itasu.es\/en\/equipo\/gisela-leyton\/\" rel=\"bookmark\" aria-label=\"Gisela Leyton\"><\/a>\r\n\t\t\t\t\t\t<div class=\"w-vwrapper usg_vwrapper_1 align_center valign_top\" style=\"--vwrapper-gap:0rem\"><div class=\"w-post-elm post_image usg_post_image_1 as_circle has_width\"><img width=\"638\" height=\"638\" src=\"https:\/\/www.itasu.es\/wp-content\/uploads\/2022\/10\/gilela-leyton.jpg\" class=\"attachment-full size-full wp-post-image\" alt=\"\" decoding=\"async\" loading=\"lazy\" srcset=\"https:\/\/www.itasu.es\/wp-content\/uploads\/2022\/10\/gilela-leyton.jpg 638w, https:\/\/www.itasu.es\/wp-content\/uploads\/2022\/10\/gilela-leyton-300x300.jpg 300w\" sizes=\"(max-width: 638px) 100vw, 638px\" \/><\/div><h2 class=\"w-post-elm post_title usg_post_title_1 entry-title color_link_inherit\"><a href=\"https:\/\/www.itasu.es\/en\/equipo\/gisela-leyton\/\">Gisela Leyton<\/a><\/h2><div class=\"w-html usg_html_1\"><hr width=\"80px\"<\/div><div class=\"w-post-elm post_custom_field usg_post_custom_field_1 has_text_color type_text cargo\"><span class=\"w-post-elm-value\">Director<\/span><\/div><\/div>\t\t<\/div>\r\n\t<\/article>\r\n\t<article class=\"w-grid-item size_1x1 post-1039 equipo type-equipo status-publish has-post-thumbnail hentry\" data-id=\"1039\">\r\n\t\t<div class=\"w-grid-item-h\">\r\n\t\t\t\t\t\t\t<a class=\"w-grid-item-anchor\" href=\"https:\/\/www.itasu.es\/en\/equipo\/mercedes-goni\/\" rel=\"bookmark\" aria-label=\"Mercedes Go\u00f1i\"><\/a>\r\n\t\t\t\t\t\t<div class=\"w-vwrapper usg_vwrapper_1 align_center valign_top\" style=\"--vwrapper-gap:0rem\"><div class=\"w-post-elm post_image usg_post_image_1 as_circle has_width\"><img width=\"672\" height=\"672\" src=\"https:\/\/www.itasu.es\/wp-content\/uploads\/2022\/10\/mercedes-goni.jpg\" class=\"attachment-full size-full wp-post-image\" alt=\"\" decoding=\"async\" loading=\"lazy\" srcset=\"https:\/\/www.itasu.es\/wp-content\/uploads\/2022\/10\/mercedes-goni.jpg 672w, https:\/\/www.itasu.es\/wp-content\/uploads\/2022\/10\/mercedes-goni-300x300.jpg 300w\" sizes=\"(max-width: 672px) 100vw, 672px\" \/><\/div><h2 class=\"w-post-elm post_title usg_post_title_1 entry-title color_link_inherit\"><a href=\"https:\/\/www.itasu.es\/en\/equipo\/mercedes-goni\/\">Mercedes Go\u00f1i<\/a><\/h2><div class=\"w-html usg_html_1\"><hr width=\"80px\"<\/div><div class=\"w-post-elm post_custom_field usg_post_custom_field_1 has_text_color type_text cargo\"><span class=\"w-post-elm-value\">Senior Manager<\/span><\/div><\/div>\t\t<\/div>\r\n\t<\/article>\r\n<\/div><div class=\"w-grid-preloader\"><div class=\"g-preloader type_1\">\r\n\t<div><\/div>\r\n<\/div>\r\n<\/div>\t<div class=\"w-grid-json hidden\" onclick='return {&quot;action&quot;:&quot;us_ajax_grid&quot;,&quot;ajax_url&quot;:&quot;https:\\\/\\\/www.itasu.es\\\/wp-admin\\\/admin-ajax.php&quot;,&quot;infinite_scroll&quot;:0,&quot;max_num_pages&quot;:1,&quot;pagination&quot;:&quot;none&quot;,&quot;permalink_url&quot;:&quot;https:\\\/\\\/www.itasu.es\\\/en\\\/wp-json\\\/wp\\\/v2\\\/pages\\\/1033\\\/&quot;,&quot;template_vars&quot;:{&quot;columns&quot;:&quot;3&quot;,&quot;exclude_items&quot;:&quot;none&quot;,&quot;img_size&quot;:&quot;default&quot;,&quot;ignore_items_size&quot;:0,&quot;items_layout&quot;:&quot;536&quot;,&quot;items_offset&quot;:&quot;1&quot;,&quot;load_animation&quot;:&quot;none&quot;,&quot;overriding_link&quot;:&quot;popup_post&quot;,&quot;post_id&quot;:1033,&quot;query_args&quot;:{&quot;post_type&quot;:[&quot;equipo&quot;],&quot;post_status&quot;:[&quot;publish&quot;,&quot;acf-disabled&quot;],&quot;posts_per_page&quot;:&quot;10&quot;},&quot;orderby_query_args&quot;:{&quot;orderby&quot;:{&quot;date&quot;:&quot;ASC&quot;}},&quot;type&quot;:&quot;grid&quot;,&quot;us_grid_ajax_index&quot;:1,&quot;us_grid_filter_params&quot;:null,&quot;us_grid_index&quot;:1,&quot;_us_grid_post_type&quot;:&quot;equipo&quot;,&quot;lang&quot;:&quot;en&quot;}}'><\/div>\r\n\t\t<div class=\"l-popup\">\r\n\t\t<div class=\"l-popup-overlay\"><\/div>\r\n\t\t<div class=\"l-popup-wrap\">\r\n\t\t\t<div class=\"l-popup-box\">\r\n\t\t\t\t<div class=\"l-popup-box-content\">\r\n\t\t\t\t\t<div class=\"g-preloader type_1\">\r\n\t\t\t\t\t\t<div><\/div>\r\n\t\t\t\t\t<\/div>\r\n\t\t\t\t\t<iframe class=\"l-popup-box-content-frame\" allowfullscreen><\/iframe>\r\n\t\t\t\t<\/div>\r\n\t\t\t<\/div>\r\n\t\t\t\t\t\t\t<div class=\"l-popup-arrow to_next\" title=\"Next\"><\/div>\r\n\t\t\t\t<div class=\"l-popup-arrow to_prev\" title=\"Previous\"><\/div>\r\n\t\t\t\t\t\t<div class=\"l-popup-closer\"><\/div>\r\n\t\t<\/div>\r\n\t<\/div>\r\n\t<\/div><\/div><\/div><\/div><\/div><\/div><\/div><\/div><\/div><\/div><\/section><section class=\"l-section wpb_row us_custom_a0109b65 height_auto\"><div class=\"l-section-h i-cf\"><div class=\"g-cols vc_row via_flex valign_top type_default stacking_default\"><div class=\"vc_col-sm-12 wpb_column vc_column_container\"><div class=\"vc_column-inner\"><div class=\"wpb_wrapper\"><div class=\"g-cols wpb_row us_custom_7a22b63f via_flex valign_top type_default stacking_default\"><div class=\"vc_col-sm-12 wpb_column vc_column_container\"><div class=\"vc_column-inner us_custom_1e11c79c\"><div class=\"wpb_wrapper\"><div class=\"wpb_text_column us_custom_4b1d405f has_text_color\"><div class=\"wpb_wrapper\"><p class=\"p1\" style=\"text-align: left;\">ITASU also has a team of consultants from the best business schools (mainly CUNEF and the Universidad Pontificia de Comillas \u2013 ICAI\/ICADE).<\/p>\n<\/div><\/div><\/div><\/div><\/div><\/div><\/div><\/div><\/div><\/div><\/div><\/section>\n","protected":false},"excerpt":{"rendered":"She has more than 8 years of experience in strategy and business consulting, as well as in banking, having worked at Itasu, Deutsche Bank and Wyred. Her experience has been developed in a wide range of sectors, such as industry, tourism, hospitality, construction and information technology. She has carried out expert reports, restructurings, cost analyses,...","protected":false},"author":1,"featured_media":0,"parent":0,"menu_order":0,"comment_status":"closed","ping_status":"closed","template":"","meta":[],"acf":[],"_links":{"self":[{"href":"https:\/\/www.itasu.es\/en\/wp-json\/wp\/v2\/pages\/1033"}],"collection":[{"href":"https:\/\/www.itasu.es\/en\/wp-json\/wp\/v2\/pages"}],"about":[{"href":"https:\/\/www.itasu.es\/en\/wp-json\/wp\/v2\/types\/page"}],"author":[{"embeddable":true,"href":"https:\/\/www.itasu.es\/en\/wp-json\/wp\/v2\/users\/1"}],"replies":[{"embeddable":true,"href":"https:\/\/www.itasu.es\/en\/wp-json\/wp\/v2\/comments?post=1033"}],"version-history":[{"count":2,"href":"https:\/\/www.itasu.es\/en\/wp-json\/wp\/v2\/pages\/1033\/revisions"}],"predecessor-version":[{"id":1035,"href":"https:\/\/www.itasu.es\/en\/wp-json\/wp\/v2\/pages\/1033\/revisions\/1035"}],"wp:attachment":[{"href":"https:\/\/www.itasu.es\/en\/wp-json\/wp\/v2\/media?parent=1033"}],"curies":[{"name":"wp","href":"https:\/\/api.w.org\/{rel}","templated":true}]}}